{"id":2188,"date":"2026-01-20T10:25:10","date_gmt":"2026-01-20T10:25:10","guid":{"rendered":"https:\/\/bactotech.wtesty.eu\/multimedia\/"},"modified":"2026-03-09T16:07:45","modified_gmt":"2026-03-09T16:07:45","slug":"multimedia","status":"publish","type":"page","link":"https:\/\/bactotech.pl\/en\/multimedia\/","title":{"rendered":"Multimedia"},"content":{"rendered":"\n<h2 id=\"gspb_heading-id-gsbp-19991b1\" class=\"gspb_heading gspb_heading-id-gsbp-19991b1 \" data-aos=\"fade-up\" data-aos-easing=\"ease\" data-aos-duration=\"800\" data-aos-once=\"true\">Multimedia<\/h2>\n\n<figure class=\"wp-block-embed is-type-video is-provider-youtube wp-block-embed-youtube wp-embed-aspect-16-9 wp-has-aspect-ratio\"><div class=\"wp-block-embed__wrapper\">\n<iframe title=\"Bacto-tech  wejd\u017c na www.bactotech.pl\" width=\"1290\" height=\"726\" src=\"https:\/\/www.youtube.com\/embed\/b9FJcpNIe38?feature=oembed\" frameborder=\"0\" allow=\"accelerometer; autoplay; clipboard-write; encrypted-media; gyroscope; picture-in-picture; web-share\" referrerpolicy=\"strict-origin-when-cross-origin\" allowfullscreen><\/iframe>\n<\/div><\/figure>\n\n<figure class=\"wp-block-embed is-type-video is-provider-youtube wp-block-embed-youtube wp-embed-aspect-16-9 wp-has-aspect-ratio\"><div class=\"wp-block-embed__wrapper\">\n<iframe title=\"\u25b6 Jak sprawdzi\u0107, czy KOMPOST jest ju\u017c gotowy? \u25c0 Poznaj prosty test!\" width=\"1290\" height=\"726\" src=\"https:\/\/www.youtube.com\/embed\/rshb9-FT4q8?feature=oembed\" frameborder=\"0\" allow=\"accelerometer; autoplay; clipboard-write; encrypted-media; gyroscope; picture-in-picture; web-share\" referrerpolicy=\"strict-origin-when-cross-origin\" allowfullscreen><\/iframe>\n<\/div><\/figure>\n\n<figure class=\"wp-block-embed is-type-video is-provider-youtube wp-block-embed-youtube wp-embed-aspect-16-9 wp-has-aspect-ratio\"><div class=\"wp-block-embed__wrapper\">\n<iframe title=\"\u25b6 Czy warstwy kompostu trzeba przesypywa\u0107 ziemi\u0105? \u25c0 KOMPOSTOWANIE\" width=\"1290\" height=\"726\" src=\"https:\/\/www.youtube.com\/embed\/2qvXH74bAqQ?feature=oembed\" frameborder=\"0\" allow=\"accelerometer; autoplay; clipboard-write; encrypted-media; gyroscope; picture-in-picture; web-share\" referrerpolicy=\"strict-origin-when-cross-origin\" allowfullscreen><\/iframe>\n<\/div><\/figure>\n\n<figure class=\"wp-block-embed is-type-video is-provider-youtube wp-block-embed-youtube wp-embed-aspect-16-9 wp-has-aspect-ratio\"><div class=\"wp-block-embed__wrapper\">\n<iframe title=\"Jak dba\u0107 o szambo i oczyszczalni\u0119 przydomow\u0105?\" width=\"1290\" height=\"726\" src=\"https:\/\/www.youtube.com\/embed\/vh-1wgYBza8?feature=oembed\" frameborder=\"0\" allow=\"accelerometer; autoplay; clipboard-write; encrypted-media; gyroscope; picture-in-picture; web-share\" referrerpolicy=\"strict-origin-when-cross-origin\" allowfullscreen><\/iframe>\n<\/div><\/figure>\n\n<figure class=\"wp-block-embed is-type-video is-provider-youtube wp-block-embed-youtube wp-embed-aspect-16-9 wp-has-aspect-ratio\"><div class=\"wp-block-embed__wrapper\">\n<iframe title=\"\u25b6 Jak przygotowa\u0107 IDEALNY KOMPOST \u25c0 do ogrodu | na dzia\u0142k\u0119\" width=\"1290\" height=\"726\" src=\"https:\/\/www.youtube.com\/embed\/baVRkbSGQSg?feature=oembed\" frameborder=\"0\" allow=\"accelerometer; autoplay; clipboard-write; encrypted-media; gyroscope; picture-in-picture; web-share\" referrerpolicy=\"strict-origin-when-cross-origin\" allowfullscreen><\/iframe>\n<\/div><\/figure>\n","protected":false},"excerpt":{"rendered":"","protected":false},"author":1,"featured_media":0,"parent":0,"menu_order":0,"comment_status":"closed","ping_status":"closed","template":"","meta":{"_acf_changed":false,"_gspb_post_css":"#gspb_heading-id-gsbp-19991b1{transition-duration:.8s;transition-timing-function:var(--gs-root-animation-easing, cubic-bezier(0.42, 0, 0.58, 1));opacity:var(--gs-root-animation-opacity, 0);transition-property:opacity,transform,filter;transform:var(--gs-root-animation-transform, translate3d(0, calc(max(50px, 15%)), 0));font-family:Montserrat,sans-serif;text-transform:uppercase;font-size:2vw}#gspb_heading-id-gsbp-19991b1.aos-animate,#gspb_heading-id-gsbp-19991b1[data-gs-aos]{opacity:1;transform:translateZ(0)}@media (max-width:991.98px){#gspb_heading-id-gsbp-19991b1{font-size:5vw}}#gspb_heading-id-gsbp-19991b1,#gspb_heading-id-gsbp-19991b1 .gsap-g-line{text-align:center!important}#gspb_heading-id-gsbp-19991b1{font-weight:700!important}@media (max-width:991.98px){#gspb_heading-id-gsbp-19991b1{font-weight:700!important}}@media (max-width:767.98px){#gspb_heading-id-gsbp-19991b1{font-weight:700!important}}@media (max-width:575.98px){#gspb_heading-id-gsbp-19991b1{font-weight:700!important}}#gspb_heading-id-gsbp-19991b1{color:var(--wp--preset--color--palette-color-3, var(--theme-palette-color-3, #1F2933));margin-top:0;margin-bottom:2%;padding-top:1%;padding-bottom:1%;border-bottom-style:solid;border-bottom-width:2px;border-bottom-color:#e4e4e4;background-color:#fcfcfc}@media (max-width:991.98px){#gspb_heading-id-gsbp-19991b1{background-color:#fcfcfc}}@media (max-width:767.98px){#gspb_heading-id-gsbp-19991b1{background-color:#fcfcfc}}@media (max-width:575.98px){#gspb_heading-id-gsbp-19991b1{background-color:#fcfcfc}}","pgc_sgb_lightbox_settings":"","footnotes":""},"class_list":["post-2188","page","type-page","status-publish","hentry"],"blocksy_meta":{"has_hero_section":"disabled","styles_descriptor":{"styles":{"desktop":"","tablet":"","mobile":""},"google_fonts":[],"version":6}},"acf":[],"_links":{"self":[{"href":"https:\/\/bactotech.pl\/en\/wp-json\/wp\/v2\/pages\/2188","targetHints":{"allow":["GET"]}}],"collection":[{"href":"https:\/\/bactotech.pl\/en\/wp-json\/wp\/v2\/pages"}],"about":[{"href":"https:\/\/bactotech.pl\/en\/wp-json\/wp\/v2\/types\/page"}],"author":[{"embeddable":true,"href":"https:\/\/bactotech.pl\/en\/wp-json\/wp\/v2\/users\/1"}],"replies":[{"embeddable":true,"href":"https:\/\/bactotech.pl\/en\/wp-json\/wp\/v2\/comments?post=2188"}],"version-history":[{"count":0,"href":"https:\/\/bactotech.pl\/en\/wp-json\/wp\/v2\/pages\/2188\/revisions"}],"wp:attachment":[{"href":"https:\/\/bactotech.pl\/en\/wp-json\/wp\/v2\/media?parent=2188"}],"curies":[{"name":"wp","href":"https:\/\/api.w.org\/{rel}","templated":true}]}}